{"id":16,"date":"2023-03-04T18:48:16","date_gmt":"2023-03-04T17:48:16","guid":{"rendered":"https:\/\/raphaellekinesio.wordpress.com\/?page_id=16"},"modified":"2023-05-06T19:33:58","modified_gmt":"2023-05-06T17:33:58","slug":"kinesiologie","status":"publish","type":"page","link":"https:\/\/raphaellemeyer.fr\/index.php\/kinesiologie\/","title":{"rendered":"Kin\u00e9siologie"},"content":{"rendered":"<div class=\"wp-block-image\">\n<figure class=\"aligncenter size-large is-resized\"><img loading=\"lazy\" decoding=\"async\" src=\"https:\/\/raphaellekinesio.files.wordpress.com\/2023\/03\/photo-seance.jpg?w=528\" alt=\"\" class=\"wp-image-178\" width=\"161\" height=\"225\"\/><\/figure>\n<\/div>\n\n\n<h4 class=\"wp-block-heading\"><strong>Qu\u2019est-ce que la kin\u00e9siologie ?<\/strong><\/h4>\n\n\n\n<p class=\"has-text-align-justify\">La kin\u00e9siologie est une m\u00e9thode d\u2019accompagnement douce, non m\u00e9dicale, inspir\u00e9e de la m\u00e9decine chinoise et des neurosciences, qui s\u2019int\u00e9resse au<strong> bien-\u00eatre<\/strong> global de la personne (<strong>corporel<\/strong>, <strong>mental<\/strong>, <strong>\u00e9motionnel<\/strong> et <strong>\u00e9nerg\u00e9tique<\/strong>).<\/p>\n\n\n\n<p class=\"has-text-align-justify\">Afin d\u2019instaurer un dialogue avec le corps (reflet de l\u2019inconscient), elle utilise le \u00ab&nbsp;<strong>test<\/strong> <strong>musculaire<\/strong>&nbsp;\u00bb. Ce test permet :<\/p>\n\n\n\n<ul class=\"wp-block-list\">\n<li>d\u2019identifier les <strong>blocages<\/strong> et stress inconscients m\u00e9moris\u00e9s par le corps<\/li>\n\n\n\n<li>de d\u00e9terminer la technique d\u2019<strong>\u00e9quilibration<\/strong> dont le corps a besoin<\/li>\n\n\n\n<li>de v\u00e9rifier que le corps a bien int\u00e9gr\u00e9 le <strong>changement<\/strong>.<\/li>\n<\/ul>\n\n\n\n<p class=\"has-tertiary-color has-text-color\"><em><strong><mark style=\"background-color:rgba(0, 0, 0, 0)\" class=\"has-inline-color has-vivid-purple-color\">Le kin\u00e9siologue n\u2019\u00e9tablit aucun diagnostic, ne remplace ni le m\u00e9decin ni un traitement m\u00e9dical, et ne demande pas d\u2019arr\u00eat de traitement m\u00e9dical.<\/mark><\/strong><\/em><\/p>\n\n\n\n<h4 class=\"wp-block-heading\"><strong>Comment \u00e7a marche ?<\/strong><\/h4>\n\n\n\n<p class=\"has-text-align-justify\">La sp\u00e9cificit\u00e9 de la kin\u00e9siologie est d\u2019utiliser le \u00ab&nbsp;<strong>test musculaire<\/strong>&nbsp;\u00bb pour interroger le corps, reflet de l\u2019inconscient. Par de l\u00e9g\u00e8res pressions, le plus souvent au niveau du poignet pour tester le muscle brachial, le kin\u00e9siologue questionne le corps pour d\u00e9tecter un stress sur un sujet donn\u00e9. De la m\u00eame mani\u00e8re que nous avons parfois \u00ab&nbsp;les jambes qui flageolent&nbsp;\u00bb lorsque nous sommes stress\u00e9s ou pensons \u00e0 un sujet stressant, le muscle va \u00ab&nbsp;d\u00e9verrouiller&nbsp;\u00bb en cas de stress (ou \u00ab&nbsp;verrouiller&nbsp;\u00bb si le sujet n\u2019est pas un stress). C\u2019est ce test qui va guider le kin\u00e9siologue tout au long de s\u00e9ance, afin d\u2019accompagner la personne re\u00e7ue en consultation avec justesse et neutralit\u00e9.<\/p>\n\n\n\n<h4 class=\"wp-block-heading\"><strong>Pour quelles probl\u00e9matiques ?<\/strong><\/h4>\n\n\n\n<p class=\"has-text-align-justify\"><u>Difficult\u00e9s \u00e9motionnelles<\/u><br>Stress, angoisse, peur, troubles de l\u2019humeur, difficult\u00e9s relationnelles, hypersensibilit\u00e9, etc<\/p>\n\n\n\n<p class=\"has-text-align-justify\"><u>Troubles physiques<\/u><br>Douleurs, fatigue, troubles du sommeil, troubles digestifs, etc<\/p>\n\n\n\n<p class=\"has-text-align-justify\"><u>Troubles de l\u2019apprentissage<\/u><br>Compr\u00e9hension, organisation, concentration, m\u00e9morisation, coordination, etc<\/p>\n\n\n\n<p class=\"has-text-align-justify\"><u>Evolution personnelle<\/u><br>Sortir des sch\u00e9mas r\u00e9p\u00e9titifs, prise de recul, besoin de changement, capacit\u00e9 \u00e0 faire des choix, deuil, changement de vie, \u00e9preuve de vie, etc<\/p>\n\n\n\n<h4 class=\"wp-block-heading\"><strong>Comment se d\u00e9roule une s\u00e9ance ?<\/strong><\/h4>\n\n\n\n<p class=\"has-text-align-justify\">La <a href=\"http:\/\/raphaellemeyer.fr\/index.php\/contact-rdv\/\">s\u00e9ance<\/a> commence par un temps d\u2019<strong>\u00e9change<\/strong> afin de cerner la probl\u00e9matique qui vous am\u00e8ne (ce qui vous emb\u00eate dans votre vie en ce moment, ce que vous souhaiteriez am\u00e9liorer dans votre quotidien).<br>Vous \u00eates ensuite invit\u00e9(e) \u00e0 vous allonger sur le dos sur la table de massage, habill\u00e9(e).<br>J\u2019utilise alors le <strong>test musculaire<\/strong> (par de l\u00e9g\u00e8res pressions au niveau de votre poignet) afin d\u2019<strong>identifier les blocages et leurs causes anciennes<\/strong>, d\u00e9terminer la technique d\u2019<strong>\u00e9quilibration<\/strong> dont le corps a besoin, et enfin v\u00e9rifier la bonne <strong>int\u00e9gration<\/strong> du r\u00e9\u00e9quilibrage par le corps.<br>Il vous sera parfois propos\u00e9 en fin de s\u00e9ance un <strong>exercice \u00e0 faire \u00e0 la maison<\/strong> pendant quelques jours afin d\u2019ancrer le changement.<\/p>\n\n\n\n<p>Une s\u00e9ance dure environ<strong> 1h-1h15<\/strong>. La kin\u00e9siologie se pratique toujours <strong>habill\u00e9<\/strong>(e).<\/p>\n\n\n\n<p>Plusieurs s\u00e9ances (souvent 2 ou 3) peuvent \u00eatre n\u00e9cessaires pour une probl\u00e9matique donn\u00e9e.<br>Il est conseill\u00e9 d\u2019espacer les s\u00e9ances d\u2019environ 3 semaines, afin de laisser au corps et \u00e0 l\u2019inconscient le temps d\u2019int\u00e9grer les changements.<\/p>\n\n\n\n<h4 class=\"wp-block-heading\"><strong>Comment se sent-on apr\u00e8s une s\u00e9ance ?<\/strong><\/h4>\n\n\n\n<p class=\"has-text-align-justify\"><strong>L\u2019inconscient va continuer \u00e0 travailler pendant les quelques jours ou semaines qui suivent la s\u00e9ance.<\/strong><br>Ce qui \u00e9tait cristallis\u00e9 dans le corps a \u00e9t\u00e9 \u00ab&nbsp;sorti de sous le tapis&nbsp;\u00bb. On a \u00ab&nbsp;ouvert les vannes&nbsp;\u00bb, \u00ab&nbsp;enlev\u00e9 le couvercle&nbsp;\u00bb. Puis \u00e7a se pose.<br>Certains se sentiront \u00ab&nbsp;super bien&nbsp;\u00bb, \u00ab&nbsp;\u00ab&nbsp;apais\u00e9s&nbsp;\u00bb, \u00ab&nbsp;lib\u00e9r\u00e9s&nbsp;\u00bb. D\u2019autres \u00ab&nbsp;fatigu\u00e9s&nbsp;\u00bb, \u00ab&nbsp;secou\u00e9s&nbsp;\u00bb, avec des \u00ab&nbsp;\u00e9motions qui ressortent&nbsp;\u00bb. Dans tous les cas, rien que vous ne puissiez g\u00e9rer.<strong> Il est important de laisser faire et accueillir ce qui se passe.<\/strong><br>Le processus de transformation appartient \u00e0 la personne re\u00e7ue en consultation. Le praticien n\u2019est l\u00e0 que pour faciliter.<\/p>\n\n\n\n<h4 class=\"wp-block-heading\"><strong>Quelle est l\u2019origine de la kin\u00e9siologie ?<\/strong><\/h4>\n\n\n\n<p class=\"has-text-align-justify\">Les bases de la kin\u00e9siologie sont pos\u00e9es par des <strong>chiropracteurs am\u00e9ricains<\/strong> au d\u00e9but du XX<sup>\u00e8me<\/sup> si\u00e8cle (\u00ab\u00a0<strong>Touch For Health<\/strong>\u00a0\u00bb, m\u00e9thode cr\u00e9\u00e9e par le Dr Goodheart puis publi\u00e9e par le Dr Thie), avant d\u2019\u00eatre compl\u00e9t\u00e9es par le \u00ab\u00a0<strong>3 in 1 concepts<\/strong>\u00a0\u00bb (Daniel Whiteside, Gordon Stokes et Candace Callaway), \u00ab\u00a0<strong>Stress sans d\u00e9tresse<\/strong>\u00a0\u00bb (Dr Diamond) et \u00ab\u00a0<strong>Brain Gym<\/strong>\u00a0\u00bb (Paul Dennison).<\/p>\n\n\n\n<p><span style=\"text-decoration: underline\">Historique<\/span><\/p>\n\n\n\n<ul class=\"wp-block-list\">\n<li>A la fin du XIX<sup>\u00e8me<\/sup> si\u00e8cle, le Dr Palmer (am\u00e9ricain) pose les base de la \u00ab&nbsp;chiropractie&nbsp;\u00bb ou \u00ab&nbsp;ost\u00e9opathie&nbsp;\u00bb, technique de r\u00e9ajustement vert\u00e9bral.<\/li>\n\n\n\n<li>En 1920, le Dr Bennet (am\u00e9ricain) d\u00e9couvre que toucher certains points de la t\u00eate permet une am\u00e9lioration de la circulation sanguine.<\/li>\n\n\n\n<li>En 1930, le Dr Chapman (am\u00e9ricain) d\u00e9couvre que masser certains points du corps a un effet \u00e0 distance sur une autre partie du corps, avec diminution de sympt\u00f4mes.<\/li>\n\n\n\n<li>En 1960, le Dr Goodheart (am\u00e9ricain) \u00e9tablit un lien entre points, muscles, organes et m\u00e9ridiens. Il cr\u00e9e une m\u00e9thode d\u2019\u00e9quilibration du corps, gard\u00e9e secr\u00e8te par les chiropracteurs jusqu\u2019au d\u00e9but des ann\u00e9es 1970.<\/li>\n\n\n\n<li>En 1973, le Dr John Thie (am\u00e9ricain lui aussi) publie cette technique sous le nom de \u00ab&nbsp;Touch For Health&nbsp;\u00bb afin de la rendre accessible au grand public. Celle-ci deviendra la base de la kin\u00e9siologie.<\/li>\n\n\n\n<li>Dans les ann\u00e9es 1970-1980, Daniel Whiteside, Gordon Stokes et Candace Callaway d\u00e9montrent que de nombreux probl\u00e8mes physiques ont une origine \u00e9motionnelle et d\u00e9veloppent le \u00ab&nbsp;3 in 1 concepts&nbsp;\u00bb ou \u00ab&nbsp;One Brain&nbsp;\u00bb &#8211; int\u00e9gration du corps, de la conscience et de l\u2019esprit &#8211; permettant de \u00ab&nbsp;d\u00e9samorcer les \u00e9motions du pass\u00e9 qui bloquent les perceptions du pr\u00e9sent&nbsp;\u00bb.<\/li>\n\n\n\n<li>Au d\u00e9but des ann\u00e9es 1970, le Dr Diamond, psychiatre australien, cr\u00e9e la technique \u00ab&nbsp;Stress sans d\u00e9tresse&nbsp;\u00bb qui, gr\u00e2ce \u00e0 des affirmations positives en relation avec les m\u00e9ridiens, permet de neutraliser le stress associ\u00e9 \u00e0 une probl\u00e9matique.<\/li>\n\n\n\n<li>Durant les ann\u00e9es 1980, de nouvelles branches de la kin\u00e9siologie se d\u00e9veloppent, telles que la \u00ab&nbsp;kin\u00e9siologie \u00e9ducative&nbsp;\u00bb ou \u00ab&nbsp;Brain Gym&nbsp;\u00bb cr\u00e9\u00e9e par Paul Dennison et qui permet, par le mouvement, d\u2019am\u00e9liorer les processus d\u2019apprentissage.<\/li>\n<\/ul>\n","protected":false},"excerpt":{"rendered":"<p>Qu\u2019est-ce que la kin\u00e9siologie ? La kin\u00e9siologie est une m\u00e9thode d\u2019accompagnement douce, non m\u00e9dicale, inspir\u00e9e de la m\u00e9decine chinoise et des neurosciences, qui s\u2019int\u00e9resse au bien-\u00eatre global de la personne (corporel, mental, \u00e9motionnel et \u00e9nerg\u00e9tique). Afin d\u2019instaurer un dialogue avec<\/p>\n","protected":false},"author":1,"featured_media":0,"parent":0,"menu_order":0,"comment_status":"closed","ping_status":"closed","template":"","meta":{"footnotes":""},"class_list":["post-16","page","type-page","status-publish","hentry"],"yoast_head":"<!-- This site is optimized with the Yoast SEO plugin v20.4 - https:\/\/yoast.com\/wordpress\/plugins\/seo\/ -->\n<title>Kin\u00e9siologie - Rapha\u00eblle Meyer<\/title>\n<meta name=\"description\" content=\"La kin\u00e9siologie est une m\u00e9thode d\u2019accompagnement douce, non m\u00e9dicale, inspir\u00e9e de la m\u00e9decine chinoise et des neurosciences, qui s\u2019int\u00e9resse au bien-\u00eatre global de la personne (corporel, mental, \u00e9motionnel et \u00e9nerg\u00e9tique).\" \/>\n<meta name=\"robots\" content=\"index, follow, max-snippet:-1, max-image-preview:large, max-video-preview:-1\" \/>\n<link rel=\"canonical\" href=\"https:\/\/raphaellemeyer.fr\/index.php\/kinesiologie\/\" \/>\n<meta property=\"og:locale\" content=\"en_US\" \/>\n<meta property=\"og:type\" content=\"article\" \/>\n<meta property=\"og:title\" content=\"Kin\u00e9siologie - Rapha\u00eblle Meyer\" \/>\n<meta property=\"og:description\" content=\"La kin\u00e9siologie est une m\u00e9thode d\u2019accompagnement douce, non m\u00e9dicale, inspir\u00e9e de la m\u00e9decine chinoise et des neurosciences, qui s\u2019int\u00e9resse au bien-\u00eatre global de la personne (corporel, mental, \u00e9motionnel et \u00e9nerg\u00e9tique).\" \/>\n<meta property=\"og:url\" content=\"https:\/\/raphaellemeyer.fr\/index.php\/kinesiologie\/\" \/>\n<meta property=\"og:site_name\" content=\"Rapha\u00eblle Meyer\" \/>\n<meta property=\"article:publisher\" content=\"https:\/\/www.facebook.com\/profile.php?id=100090734982670\" \/>\n<meta property=\"article:modified_time\" content=\"2023-05-06T17:33:58+00:00\" \/>\n<meta property=\"og:image\" content=\"https:\/\/raphaellekinesio.files.wordpress.com\/2023\/03\/photo-seance.jpg?w=528\" \/>\n<meta name=\"twitter:card\" content=\"summary_large_image\" \/>\n<meta name=\"twitter:label1\" content=\"Est. reading time\" \/>\n\t<meta name=\"twitter:data1\" content=\"5 minutes\" \/>\n<script type=\"application\/ld+json\" class=\"yoast-schema-graph\">{\"@context\":\"https:\/\/schema.org\",\"@graph\":[{\"@type\":\"WebPage\",\"@id\":\"https:\/\/raphaellemeyer.fr\/index.php\/kinesiologie\/\",\"url\":\"https:\/\/raphaellemeyer.fr\/index.php\/kinesiologie\/\",\"name\":\"Kin\u00e9siologie - Rapha\u00eblle Meyer\",\"isPartOf\":{\"@id\":\"https:\/\/raphaellemeyer.fr\/#website\"},\"datePublished\":\"2023-03-04T17:48:16+00:00\",\"dateModified\":\"2023-05-06T17:33:58+00:00\",\"description\":\"La kin\u00e9siologie est une m\u00e9thode d\u2019accompagnement douce, non m\u00e9dicale, inspir\u00e9e de la m\u00e9decine chinoise et des neurosciences, qui s\u2019int\u00e9resse au bien-\u00eatre global de la personne (corporel, mental, \u00e9motionnel et \u00e9nerg\u00e9tique).\",\"breadcrumb\":{\"@id\":\"https:\/\/raphaellemeyer.fr\/index.php\/kinesiologie\/#breadcrumb\"},\"inLanguage\":\"en-US\",\"potentialAction\":[{\"@type\":\"ReadAction\",\"target\":[\"https:\/\/raphaellemeyer.fr\/index.php\/kinesiologie\/\"]}]},{\"@type\":\"BreadcrumbList\",\"@id\":\"https:\/\/raphaellemeyer.fr\/index.php\/kinesiologie\/#breadcrumb\",\"itemListElement\":[{\"@type\":\"ListItem\",\"position\":1,\"name\":\"Accueil\",\"item\":\"https:\/\/raphaellemeyer.fr\/\"},{\"@type\":\"ListItem\",\"position\":2,\"name\":\"Kin\u00e9siologie\"}]},{\"@type\":\"WebSite\",\"@id\":\"https:\/\/raphaellemeyer.fr\/#website\",\"url\":\"https:\/\/raphaellemeyer.fr\/\",\"name\":\"Rapha\u00eblle Meyer - Kin\u00e9siologie - Bernin\",\"description\":\"Kin\u00e9siologie\",\"publisher\":{\"@id\":\"https:\/\/raphaellemeyer.fr\/#\/schema\/person\/4b0c81b81942108829849c105e4c7cb6\"},\"potentialAction\":[{\"@type\":\"SearchAction\",\"target\":{\"@type\":\"EntryPoint\",\"urlTemplate\":\"https:\/\/raphaellemeyer.fr\/?s={search_term_string}\"},\"query-input\":\"required name=search_term_string\"}],\"inLanguage\":\"en-US\"},{\"@type\":[\"Person\",\"Organization\"],\"@id\":\"https:\/\/raphaellemeyer.fr\/#\/schema\/person\/4b0c81b81942108829849c105e4c7cb6\",\"name\":\"Raphaelle\",\"image\":{\"@type\":\"ImageObject\",\"inLanguage\":\"en-US\",\"@id\":\"https:\/\/raphaellemeyer.fr\/#\/schema\/person\/image\/\",\"url\":\"https:\/\/raphaellemeyer.fr\/wp-content\/uploads\/2023\/03\/logo.png\",\"contentUrl\":\"https:\/\/raphaellemeyer.fr\/wp-content\/uploads\/2023\/03\/logo.png\",\"width\":100,\"height\":96,\"caption\":\"Raphaelle\"},\"logo\":{\"@id\":\"https:\/\/raphaellemeyer.fr\/#\/schema\/person\/image\/\"},\"sameAs\":[\"http:\/\/raphaellemeyer.fr\",\"https:\/\/www.facebook.com\/profile.php?id=100090734982670\"]}]}<\/script>\n<!-- \/ Yoast SEO plugin. -->","yoast_head_json":{"title":"Kin\u00e9siologie - Rapha\u00eblle Meyer","description":"La kin\u00e9siologie est une m\u00e9thode d\u2019accompagnement douce, non m\u00e9dicale, inspir\u00e9e de la m\u00e9decine chinoise et des neurosciences, qui s\u2019int\u00e9resse au bien-\u00eatre global de la personne (corporel, mental, \u00e9motionnel et \u00e9nerg\u00e9tique).","robots":{"index":"index","follow":"follow","max-snippet":"max-snippet:-1","max-image-preview":"max-image-preview:large","max-video-preview":"max-video-preview:-1"},"canonical":"https:\/\/raphaellemeyer.fr\/index.php\/kinesiologie\/","og_locale":"en_US","og_type":"article","og_title":"Kin\u00e9siologie - Rapha\u00eblle Meyer","og_description":"La kin\u00e9siologie est une m\u00e9thode d\u2019accompagnement douce, non m\u00e9dicale, inspir\u00e9e de la m\u00e9decine chinoise et des neurosciences, qui s\u2019int\u00e9resse au bien-\u00eatre global de la personne (corporel, mental, \u00e9motionnel et \u00e9nerg\u00e9tique).","og_url":"https:\/\/raphaellemeyer.fr\/index.php\/kinesiologie\/","og_site_name":"Rapha\u00eblle Meyer","article_publisher":"https:\/\/www.facebook.com\/profile.php?id=100090734982670","article_modified_time":"2023-05-06T17:33:58+00:00","og_image":[{"url":"https:\/\/raphaellekinesio.files.wordpress.com\/2023\/03\/photo-seance.jpg?w=528"}],"twitter_card":"summary_large_image","twitter_misc":{"Est. reading time":"5 minutes"},"schema":{"@context":"https:\/\/schema.org","@graph":[{"@type":"WebPage","@id":"https:\/\/raphaellemeyer.fr\/index.php\/kinesiologie\/","url":"https:\/\/raphaellemeyer.fr\/index.php\/kinesiologie\/","name":"Kin\u00e9siologie - Rapha\u00eblle Meyer","isPartOf":{"@id":"https:\/\/raphaellemeyer.fr\/#website"},"datePublished":"2023-03-04T17:48:16+00:00","dateModified":"2023-05-06T17:33:58+00:00","description":"La kin\u00e9siologie est une m\u00e9thode d\u2019accompagnement douce, non m\u00e9dicale, inspir\u00e9e de la m\u00e9decine chinoise et des neurosciences, qui s\u2019int\u00e9resse au bien-\u00eatre global de la personne (corporel, mental, \u00e9motionnel et \u00e9nerg\u00e9tique).","breadcrumb":{"@id":"https:\/\/raphaellemeyer.fr\/index.php\/kinesiologie\/#breadcrumb"},"inLanguage":"en-US","potentialAction":[{"@type":"ReadAction","target":["https:\/\/raphaellemeyer.fr\/index.php\/kinesiologie\/"]}]},{"@type":"BreadcrumbList","@id":"https:\/\/raphaellemeyer.fr\/index.php\/kinesiologie\/#breadcrumb","itemListElement":[{"@type":"ListItem","position":1,"name":"Accueil","item":"https:\/\/raphaellemeyer.fr\/"},{"@type":"ListItem","position":2,"name":"Kin\u00e9siologie"}]},{"@type":"WebSite","@id":"https:\/\/raphaellemeyer.fr\/#website","url":"https:\/\/raphaellemeyer.fr\/","name":"Rapha\u00eblle Meyer - Kin\u00e9siologie - Bernin","description":"Kin\u00e9siologie","publisher":{"@id":"https:\/\/raphaellemeyer.fr\/#\/schema\/person\/4b0c81b81942108829849c105e4c7cb6"},"potentialAction":[{"@type":"SearchAction","target":{"@type":"EntryPoint","urlTemplate":"https:\/\/raphaellemeyer.fr\/?s={search_term_string}"},"query-input":"required name=search_term_string"}],"inLanguage":"en-US"},{"@type":["Person","Organization"],"@id":"https:\/\/raphaellemeyer.fr\/#\/schema\/person\/4b0c81b81942108829849c105e4c7cb6","name":"Raphaelle","image":{"@type":"ImageObject","inLanguage":"en-US","@id":"https:\/\/raphaellemeyer.fr\/#\/schema\/person\/image\/","url":"https:\/\/raphaellemeyer.fr\/wp-content\/uploads\/2023\/03\/logo.png","contentUrl":"https:\/\/raphaellemeyer.fr\/wp-content\/uploads\/2023\/03\/logo.png","width":100,"height":96,"caption":"Raphaelle"},"logo":{"@id":"https:\/\/raphaellemeyer.fr\/#\/schema\/person\/image\/"},"sameAs":["http:\/\/raphaellemeyer.fr","https:\/\/www.facebook.com\/profile.php?id=100090734982670"]}]}},"_links":{"self":[{"href":"https:\/\/raphaellemeyer.fr\/index.php\/wp-json\/wp\/v2\/pages\/16","targetHints":{"allow":["GET"]}}],"collection":[{"href":"https:\/\/raphaellemeyer.fr\/index.php\/wp-json\/wp\/v2\/pages"}],"about":[{"href":"https:\/\/raphaellemeyer.fr\/index.php\/wp-json\/wp\/v2\/types\/page"}],"author":[{"embeddable":true,"href":"https:\/\/raphaellemeyer.fr\/index.php\/wp-json\/wp\/v2\/users\/1"}],"replies":[{"embeddable":true,"href":"https:\/\/raphaellemeyer.fr\/index.php\/wp-json\/wp\/v2\/comments?post=16"}],"version-history":[{"count":7,"href":"https:\/\/raphaellemeyer.fr\/index.php\/wp-json\/wp\/v2\/pages\/16\/revisions"}],"predecessor-version":[{"id":411,"href":"https:\/\/raphaellemeyer.fr\/index.php\/wp-json\/wp\/v2\/pages\/16\/revisions\/411"}],"wp:attachment":[{"href":"https:\/\/raphaellemeyer.fr\/index.php\/wp-json\/wp\/v2\/media?parent=16"}],"curies":[{"name":"wp","href":"https:\/\/api.w.org\/{rel}","templated":true}]}}