{"id":227,"date":"2023-03-06T20:19:00","date_gmt":"2023-03-06T19:19:00","guid":{"rendered":"https:\/\/raphaellekinesio.wordpress.com\/?page_id=227"},"modified":"2023-04-10T15:58:37","modified_gmt":"2023-04-10T13:58:37","slug":"mentions-legales","status":"publish","type":"page","link":"https:\/\/raphaellemeyer.fr\/index.php\/mentions-legales\/","title":{"rendered":"Mentions l\u00e9gales"},"content":{"rendered":"\n<p>Ce site est \u00e9dit\u00e9 par et est la propri\u00e9t\u00e9 de <a href=\"http:\/\/raphaellemeyer.fr\/index.php\/qui-suis-je\/\">Rapha\u00eblle Meyer<\/a> (site web personnel).<\/p>\n\n\n\n<p><strong>H\u00e9bergeur<\/strong> : OVH SAS, filiale de la soci\u00e9t\u00e9 OVH Groupe SAS, SAS au capital de 10 069 020 euros, immatricul\u00e9e au RCS de Lille M\u00e9tropole sous le num\u00e9ro 537 407 926 et dont le si\u00e8ge social est sis 2, rue Kellermann, 59100 Roubaix<\/p>\n\n\n\n<p><strong>Droits d\u2019auteur &amp; propri\u00e9t\u00e9 intellectuelle<\/strong> : les textes, les illustrations et tout autre \u00e9l\u00e9ment du site appartiennent \u00e0 Rapha\u00eblle Meyer et sont prot\u00e9g\u00e9s par les lois en vigueur sur la propri\u00e9t\u00e9 intellectuelle.<\/p>\n\n\n\n<p>\u00a9 2023 Rapha\u00eblle Meyer. Tous droits r\u00e9serv\u00e9s.<\/p>\n","protected":false},"excerpt":{"rendered":"<p>Ce site est \u00e9dit\u00e9 par et est la propri\u00e9t\u00e9 de Rapha\u00eblle Meyer (site web personnel). H\u00e9bergeur : OVH SAS, filiale de la soci\u00e9t\u00e9 OVH Groupe SAS, SAS au capital de 10 069 020 euros, immatricul\u00e9e au RCS de Lille M\u00e9tropole<\/p>\n","protected":false},"author":1,"featured_media":0,"parent":0,"menu_order":0,"comment_status":"closed","ping_status":"closed","template":"","meta":{"footnotes":""},"class_list":["post-227","page","type-page","status-publish","hentry"],"yoast_head":"<!-- This site is optimized with the Yoast SEO plugin v20.4 - https:\/\/yoast.com\/wordpress\/plugins\/seo\/ -->\n<title>Mentions l\u00e9gales - Rapha\u00eblle Meyer<\/title>\n<meta name=\"description\" content=\"\u00a9 2023 Rapha\u00eblle Meyer. Tous droits r\u00e9serv\u00e9s.\" \/>\n<meta name=\"robots\" content=\"index, follow, max-snippet:-1, max-image-preview:large, max-video-preview:-1\" \/>\n<link rel=\"canonical\" href=\"http:\/\/raphaellemeyer.fr\/index.php\/mentions-legales\/\" \/>\n<meta property=\"og:locale\" content=\"en_US\" \/>\n<meta property=\"og:type\" content=\"article\" \/>\n<meta property=\"og:title\" content=\"Mentions l\u00e9gales - Rapha\u00eblle Meyer\" \/>\n<meta property=\"og:description\" content=\"\u00a9 2023 Rapha\u00eblle Meyer. Tous droits r\u00e9serv\u00e9s.\" \/>\n<meta property=\"og:url\" content=\"http:\/\/raphaellemeyer.fr\/index.php\/mentions-legales\/\" \/>\n<meta property=\"og:site_name\" content=\"Rapha\u00eblle Meyer\" \/>\n<meta property=\"article:publisher\" content=\"https:\/\/www.facebook.com\/profile.php?id=100090734982670\" \/>\n<meta property=\"article:modified_time\" content=\"2023-04-10T13:58:37+00:00\" \/>\n<meta property=\"og:image\" content=\"https:\/\/raphaellemeyer.fr\/wp-content\/uploads\/2023\/03\/icone.png\" \/>\n\t<meta property=\"og:image:width\" content=\"550\" \/>\n\t<meta property=\"og:image:height\" content=\"550\" \/>\n\t<meta property=\"og:image:type\" content=\"image\/png\" \/>\n<meta name=\"twitter:card\" content=\"summary_large_image\" \/>\n<meta name=\"twitter:label1\" content=\"Est. reading time\" \/>\n\t<meta name=\"twitter:data1\" content=\"1 minute\" \/>\n<script type=\"application\/ld+json\" class=\"yoast-schema-graph\">{\"@context\":\"https:\/\/schema.org\",\"@graph\":[{\"@type\":\"WebPage\",\"@id\":\"http:\/\/raphaellemeyer.fr\/index.php\/mentions-legales\/\",\"url\":\"http:\/\/raphaellemeyer.fr\/index.php\/mentions-legales\/\",\"name\":\"Mentions l\u00e9gales - Rapha\u00eblle Meyer\",\"isPartOf\":{\"@id\":\"https:\/\/raphaellemeyer.fr\/#website\"},\"datePublished\":\"2023-03-06T19:19:00+00:00\",\"dateModified\":\"2023-04-10T13:58:37+00:00\",\"description\":\"\u00a9 2023 Rapha\u00eblle Meyer. Tous droits r\u00e9serv\u00e9s.\",\"breadcrumb\":{\"@id\":\"http:\/\/raphaellemeyer.fr\/index.php\/mentions-legales\/#breadcrumb\"},\"inLanguage\":\"en-US\",\"potentialAction\":[{\"@type\":\"ReadAction\",\"target\":[\"http:\/\/raphaellemeyer.fr\/index.php\/mentions-legales\/\"]}]},{\"@type\":\"BreadcrumbList\",\"@id\":\"http:\/\/raphaellemeyer.fr\/index.php\/mentions-legales\/#breadcrumb\",\"itemListElement\":[{\"@type\":\"ListItem\",\"position\":1,\"name\":\"Accueil\",\"item\":\"https:\/\/raphaellemeyer.fr\/\"},{\"@type\":\"ListItem\",\"position\":2,\"name\":\"Mentions l\u00e9gales\"}]},{\"@type\":\"WebSite\",\"@id\":\"https:\/\/raphaellemeyer.fr\/#website\",\"url\":\"https:\/\/raphaellemeyer.fr\/\",\"name\":\"Rapha\u00eblle Meyer - Kin\u00e9siologie - Bernin\",\"description\":\"Kin\u00e9siologie\",\"publisher\":{\"@id\":\"https:\/\/raphaellemeyer.fr\/#\/schema\/person\/4b0c81b81942108829849c105e4c7cb6\"},\"potentialAction\":[{\"@type\":\"SearchAction\",\"target\":{\"@type\":\"EntryPoint\",\"urlTemplate\":\"https:\/\/raphaellemeyer.fr\/?s={search_term_string}\"},\"query-input\":\"required name=search_term_string\"}],\"inLanguage\":\"en-US\"},{\"@type\":[\"Person\",\"Organization\"],\"@id\":\"https:\/\/raphaellemeyer.fr\/#\/schema\/person\/4b0c81b81942108829849c105e4c7cb6\",\"name\":\"Raphaelle\",\"image\":{\"@type\":\"ImageObject\",\"inLanguage\":\"en-US\",\"@id\":\"https:\/\/raphaellemeyer.fr\/#\/schema\/person\/image\/\",\"url\":\"https:\/\/raphaellemeyer.fr\/wp-content\/uploads\/2023\/03\/logo.png\",\"contentUrl\":\"https:\/\/raphaellemeyer.fr\/wp-content\/uploads\/2023\/03\/logo.png\",\"width\":100,\"height\":96,\"caption\":\"Raphaelle\"},\"logo\":{\"@id\":\"https:\/\/raphaellemeyer.fr\/#\/schema\/person\/image\/\"},\"sameAs\":[\"http:\/\/raphaellemeyer.fr\",\"https:\/\/www.facebook.com\/profile.php?id=100090734982670\"]}]}<\/script>\n<!-- \/ Yoast SEO plugin. -->","yoast_head_json":{"title":"Mentions l\u00e9gales - Rapha\u00eblle Meyer","description":"\u00a9 2023 Rapha\u00eblle Meyer. Tous droits r\u00e9serv\u00e9s.","robots":{"index":"index","follow":"follow","max-snippet":"max-snippet:-1","max-image-preview":"max-image-preview:large","max-video-preview":"max-video-preview:-1"},"canonical":"http:\/\/raphaellemeyer.fr\/index.php\/mentions-legales\/","og_locale":"en_US","og_type":"article","og_title":"Mentions l\u00e9gales - Rapha\u00eblle Meyer","og_description":"\u00a9 2023 Rapha\u00eblle Meyer. Tous droits r\u00e9serv\u00e9s.","og_url":"http:\/\/raphaellemeyer.fr\/index.php\/mentions-legales\/","og_site_name":"Rapha\u00eblle Meyer","article_publisher":"https:\/\/www.facebook.com\/profile.php?id=100090734982670","article_modified_time":"2023-04-10T13:58:37+00:00","og_image":[{"width":550,"height":550,"url":"https:\/\/raphaellemeyer.fr\/wp-content\/uploads\/2023\/03\/icone.png","type":"image\/png"}],"twitter_card":"summary_large_image","twitter_misc":{"Est. reading time":"1 minute"},"schema":{"@context":"https:\/\/schema.org","@graph":[{"@type":"WebPage","@id":"http:\/\/raphaellemeyer.fr\/index.php\/mentions-legales\/","url":"http:\/\/raphaellemeyer.fr\/index.php\/mentions-legales\/","name":"Mentions l\u00e9gales - Rapha\u00eblle Meyer","isPartOf":{"@id":"https:\/\/raphaellemeyer.fr\/#website"},"datePublished":"2023-03-06T19:19:00+00:00","dateModified":"2023-04-10T13:58:37+00:00","description":"\u00a9 2023 Rapha\u00eblle Meyer. Tous droits r\u00e9serv\u00e9s.","breadcrumb":{"@id":"http:\/\/raphaellemeyer.fr\/index.php\/mentions-legales\/#breadcrumb"},"inLanguage":"en-US","potentialAction":[{"@type":"ReadAction","target":["http:\/\/raphaellemeyer.fr\/index.php\/mentions-legales\/"]}]},{"@type":"BreadcrumbList","@id":"http:\/\/raphaellemeyer.fr\/index.php\/mentions-legales\/#breadcrumb","itemListElement":[{"@type":"ListItem","position":1,"name":"Accueil","item":"https:\/\/raphaellemeyer.fr\/"},{"@type":"ListItem","position":2,"name":"Mentions l\u00e9gales"}]},{"@type":"WebSite","@id":"https:\/\/raphaellemeyer.fr\/#website","url":"https:\/\/raphaellemeyer.fr\/","name":"Rapha\u00eblle Meyer - Kin\u00e9siologie - Bernin","description":"Kin\u00e9siologie","publisher":{"@id":"https:\/\/raphaellemeyer.fr\/#\/schema\/person\/4b0c81b81942108829849c105e4c7cb6"},"potentialAction":[{"@type":"SearchAction","target":{"@type":"EntryPoint","urlTemplate":"https:\/\/raphaellemeyer.fr\/?s={search_term_string}"},"query-input":"required name=search_term_string"}],"inLanguage":"en-US"},{"@type":["Person","Organization"],"@id":"https:\/\/raphaellemeyer.fr\/#\/schema\/person\/4b0c81b81942108829849c105e4c7cb6","name":"Raphaelle","image":{"@type":"ImageObject","inLanguage":"en-US","@id":"https:\/\/raphaellemeyer.fr\/#\/schema\/person\/image\/","url":"https:\/\/raphaellemeyer.fr\/wp-content\/uploads\/2023\/03\/logo.png","contentUrl":"https:\/\/raphaellemeyer.fr\/wp-content\/uploads\/2023\/03\/logo.png","width":100,"height":96,"caption":"Raphaelle"},"logo":{"@id":"https:\/\/raphaellemeyer.fr\/#\/schema\/person\/image\/"},"sameAs":["http:\/\/raphaellemeyer.fr","https:\/\/www.facebook.com\/profile.php?id=100090734982670"]}]}},"_links":{"self":[{"href":"https:\/\/raphaellemeyer.fr\/index.php\/wp-json\/wp\/v2\/pages\/227","targetHints":{"allow":["GET"]}}],"collection":[{"href":"https:\/\/raphaellemeyer.fr\/index.php\/wp-json\/wp\/v2\/pages"}],"about":[{"href":"https:\/\/raphaellemeyer.fr\/index.php\/wp-json\/wp\/v2\/types\/page"}],"author":[{"embeddable":true,"href":"https:\/\/raphaellemeyer.fr\/index.php\/wp-json\/wp\/v2\/users\/1"}],"replies":[{"embeddable":true,"href":"https:\/\/raphaellemeyer.fr\/index.php\/wp-json\/wp\/v2\/comments?post=227"}],"version-history":[{"count":3,"href":"https:\/\/raphaellemeyer.fr\/index.php\/wp-json\/wp\/v2\/pages\/227\/revisions"}],"predecessor-version":[{"id":381,"href":"https:\/\/raphaellemeyer.fr\/index.php\/wp-json\/wp\/v2\/pages\/227\/revisions\/381"}],"wp:attachment":[{"href":"https:\/\/raphaellemeyer.fr\/index.php\/wp-json\/wp\/v2\/media?parent=227"}],"curies":[{"name":"wp","href":"https:\/\/api.w.org\/{rel}","templated":true}]}}