{"id":26,"date":"2023-03-04T19:03:46","date_gmt":"2023-03-04T18:03:46","guid":{"rendered":"https:\/\/raphaellekinesio.wordpress.com\/?page_id=26"},"modified":"2023-09-22T18:17:47","modified_gmt":"2023-09-22T16:17:47","slug":"contact-rdv","status":"publish","type":"page","link":"https:\/\/raphaellemeyer.fr\/index.php\/contact-rdv\/","title":{"rendered":"Contact \/ RDV"},"content":{"rendered":"<div class=\"wp-block-image is-style-default\">\n<figure class=\"aligncenter size-large is-resized\"><img loading=\"lazy\" decoding=\"async\" src=\"https:\/\/raphaellekinesio.files.wordpress.com\/2023\/03\/cabinet.jpg?w=825\" alt=\"cabinet\" class=\"wp-image-81\" style=\"width:237px;height:177px\" width=\"237\" height=\"177\"\/><\/figure>\n<\/div>\n\n\n<p><\/p>\n\n\n\n<p class=\"has-text-align-justify\">Pour<strong> prendre rendez-vous<\/strong> ou me <strong>poser une question<\/strong>, contactez-moi par SMS, t\u00e9l\u00e9phone ou WhatsApp, envoyez-moi un email ou laissez-moi un message via le formulaire de contact.<\/p>\n\n\n<div class=\"wp-block-image\">\n<figure class=\"aligncenter size-large is-resized\"><img loading=\"lazy\" decoding=\"async\" src=\"https:\/\/raphaellekinesio.files.wordpress.com\/2023\/03\/contact.jpeg?w=988\" alt=\"\" class=\"wp-image-202\" style=\"width:339px;height:91px\" width=\"339\" height=\"91\"\/><\/figure>\n<\/div>\n\n\n<div class=\"wp-block-jetpack-send-a-message\">\n<div class=\"wp-block-jetpack-whatsapp-button aligncenter is-color-dark\"><a class=\"whatsapp-block__button\" href=\"https:\/\/api.whatsapp.com\/send?phone=33607128729&amp;text=Hi%2C%20I%20got%20your%20WhatsApp%20information%20from%20your%20website.\" style=\"background-color:#25D366;color:#fff\" target=\"_self\" rel=\"noopener noreferrer\">WhatsApp<\/a><\/div>\n<\/div>\n\n\n\n<div style=\"height:21px\" aria-hidden=\"true\" class=\"wp-block-spacer\"><\/div>\n\n\n\n<p class=\"has-text-align-justify\">Les s\u00e9ances de <a href=\"http:\/\/raphaellemeyer.fr\/index.php\/kinesiologie\/\">kin\u00e9siologie<\/a> ont lieu \u00e0 <strong>Bernin<\/strong> (20 min de Grenoble) \u00e0 mon domicile, uniquement sur rendez-vous. L\u2019adresse exacte vous sera communiqu\u00e9e lors de la prise de rendez-vous. <\/p>\n\n\n\n<div class=\"wp-block-group\"><div class=\"wp-block-group__inner-container is-layout-constrained wp-block-group-is-layout-constrained\">\n<p>Horaires :<br>Du lundi au samedi : 16h-19h<br>Dimanche : ferm\u00e9<\/p>\n<\/div><\/div>\n\n\n\n<p class=\"has-text-align-justify\">Je vous propose jusqu\u2019\u00e0 fin d\u00e9cembre des s\u00e9ances en don libre (participation en conscience) \u00e0 Bernin, avant de d\u00e9m\u00e9nager en Bretagne et d\u2019y ouvrir mon cabinet.<br><\/p>\n\n\n\n<p class=\"has-text-align-justify\">Et si le c\u0153ur vous en dit, n&#8217;h\u00e9sitez pas \u00e0 me laisser un petit commentaire sur <a href=\"https:\/\/g.co\/kgs\/cX5fSd\">ma fiche google<\/a> pour partager votre exp\u00e9rience positive.<\/p>\n\n\n\n<h6 class=\"wp-block-heading\"><span style=\"text-decoration: underline\"> Formulaire de contact<\/span><\/h6>\n\n\n<div class=\"wp-block-jetpack-contact-form\"><a href=\"https:\/\/raphaellemeyer.fr\/index.php\/contact-rdv\/\" target=\"_blank\" rel=\"noopener noreferrer\">Submit a form.<\/a><\/div>","protected":false},"excerpt":{"rendered":"<p>Pour prendre rendez-vous ou me poser une question, contactez-moi par SMS, t\u00e9l\u00e9phone ou WhatsApp, envoyez-moi un email ou laissez-moi un message via le formulaire de contact. Les s\u00e9ances de kin\u00e9siologie ont lieu \u00e0 Bernin (20 min de Grenoble) \u00e0 mon<\/p>\n","protected":false},"author":1,"featured_media":0,"parent":0,"menu_order":0,"comment_status":"closed","ping_status":"closed","template":"","meta":{"footnotes":""},"class_list":["post-26","page","type-page","status-publish","hentry"],"yoast_head":"<!-- This site is optimized with the Yoast SEO plugin v20.4 - https:\/\/yoast.com\/wordpress\/plugins\/seo\/ -->\n<title>Contact \/ RDV - Rapha\u00eblle Meyer<\/title>\n<meta name=\"description\" content=\"Pour prendre rendez-vous ou me poser une question, contactez-moi par SMS, t\u00e9l\u00e9phone ou WhatsApp, envoyez-moi un email ou laissez-moi un message via le formulaire de contact.\" \/>\n<meta name=\"robots\" content=\"index, follow, max-snippet:-1, max-image-preview:large, max-video-preview:-1\" \/>\n<link rel=\"canonical\" href=\"https:\/\/raphaellemeyer.fr\/index.php\/contact-rdv\/\" \/>\n<meta property=\"og:locale\" content=\"en_US\" \/>\n<meta property=\"og:type\" content=\"article\" \/>\n<meta property=\"og:title\" content=\"Contact \/ RDV - Rapha\u00eblle Meyer\" \/>\n<meta property=\"og:description\" content=\"Pour prendre rendez-vous ou me poser une question, contactez-moi par SMS, t\u00e9l\u00e9phone ou WhatsApp, envoyez-moi un email ou laissez-moi un message via le formulaire de contact.\" \/>\n<meta property=\"og:url\" content=\"https:\/\/raphaellemeyer.fr\/index.php\/contact-rdv\/\" \/>\n<meta property=\"og:site_name\" content=\"Rapha\u00eblle Meyer\" \/>\n<meta property=\"article:publisher\" content=\"https:\/\/www.facebook.com\/profile.php?id=100090734982670\" \/>\n<meta property=\"article:modified_time\" content=\"2023-09-22T16:17:47+00:00\" \/>\n<meta property=\"og:image\" content=\"https:\/\/raphaellekinesio.files.wordpress.com\/2023\/03\/cabinet.jpg?w=825\" \/>\n<meta name=\"twitter:card\" content=\"summary_large_image\" \/>\n<meta name=\"twitter:label1\" content=\"Est. reading time\" \/>\n\t<meta name=\"twitter:data1\" content=\"1 minute\" \/>\n<script type=\"application\/ld+json\" class=\"yoast-schema-graph\">{\"@context\":\"https:\/\/schema.org\",\"@graph\":[{\"@type\":\"WebPage\",\"@id\":\"https:\/\/raphaellemeyer.fr\/index.php\/contact-rdv\/\",\"url\":\"https:\/\/raphaellemeyer.fr\/index.php\/contact-rdv\/\",\"name\":\"Contact \/ RDV - Rapha\u00eblle Meyer\",\"isPartOf\":{\"@id\":\"https:\/\/raphaellemeyer.fr\/#website\"},\"datePublished\":\"2023-03-04T18:03:46+00:00\",\"dateModified\":\"2023-09-22T16:17:47+00:00\",\"description\":\"Pour prendre rendez-vous ou me poser une question, contactez-moi par SMS, t\u00e9l\u00e9phone ou WhatsApp, envoyez-moi un email ou laissez-moi un message via le formulaire de contact.\",\"breadcrumb\":{\"@id\":\"https:\/\/raphaellemeyer.fr\/index.php\/contact-rdv\/#breadcrumb\"},\"inLanguage\":\"en-US\",\"potentialAction\":[{\"@type\":\"ReadAction\",\"target\":[\"https:\/\/raphaellemeyer.fr\/index.php\/contact-rdv\/\"]}]},{\"@type\":\"BreadcrumbList\",\"@id\":\"https:\/\/raphaellemeyer.fr\/index.php\/contact-rdv\/#breadcrumb\",\"itemListElement\":[{\"@type\":\"ListItem\",\"position\":1,\"name\":\"Accueil\",\"item\":\"https:\/\/raphaellemeyer.fr\/\"},{\"@type\":\"ListItem\",\"position\":2,\"name\":\"Contact \/ RDV\"}]},{\"@type\":\"WebSite\",\"@id\":\"https:\/\/raphaellemeyer.fr\/#website\",\"url\":\"https:\/\/raphaellemeyer.fr\/\",\"name\":\"Rapha\u00eblle Meyer - Kin\u00e9siologie - Bernin\",\"description\":\"Kin\u00e9siologie\",\"publisher\":{\"@id\":\"https:\/\/raphaellemeyer.fr\/#\/schema\/person\/4b0c81b81942108829849c105e4c7cb6\"},\"potentialAction\":[{\"@type\":\"SearchAction\",\"target\":{\"@type\":\"EntryPoint\",\"urlTemplate\":\"https:\/\/raphaellemeyer.fr\/?s={search_term_string}\"},\"query-input\":\"required name=search_term_string\"}],\"inLanguage\":\"en-US\"},{\"@type\":[\"Person\",\"Organization\"],\"@id\":\"https:\/\/raphaellemeyer.fr\/#\/schema\/person\/4b0c81b81942108829849c105e4c7cb6\",\"name\":\"Raphaelle\",\"image\":{\"@type\":\"ImageObject\",\"inLanguage\":\"en-US\",\"@id\":\"https:\/\/raphaellemeyer.fr\/#\/schema\/person\/image\/\",\"url\":\"https:\/\/raphaellemeyer.fr\/wp-content\/uploads\/2023\/03\/logo.png\",\"contentUrl\":\"https:\/\/raphaellemeyer.fr\/wp-content\/uploads\/2023\/03\/logo.png\",\"width\":100,\"height\":96,\"caption\":\"Raphaelle\"},\"logo\":{\"@id\":\"https:\/\/raphaellemeyer.fr\/#\/schema\/person\/image\/\"},\"sameAs\":[\"http:\/\/raphaellemeyer.fr\",\"https:\/\/www.facebook.com\/profile.php?id=100090734982670\"]}]}<\/script>\n<!-- \/ Yoast SEO plugin. -->","yoast_head_json":{"title":"Contact \/ RDV - Rapha\u00eblle Meyer","description":"Pour prendre rendez-vous ou me poser une question, contactez-moi par SMS, t\u00e9l\u00e9phone ou WhatsApp, envoyez-moi un email ou laissez-moi un message via le formulaire de contact.","robots":{"index":"index","follow":"follow","max-snippet":"max-snippet:-1","max-image-preview":"max-image-preview:large","max-video-preview":"max-video-preview:-1"},"canonical":"https:\/\/raphaellemeyer.fr\/index.php\/contact-rdv\/","og_locale":"en_US","og_type":"article","og_title":"Contact \/ RDV - Rapha\u00eblle Meyer","og_description":"Pour prendre rendez-vous ou me poser une question, contactez-moi par SMS, t\u00e9l\u00e9phone ou WhatsApp, envoyez-moi un email ou laissez-moi un message via le formulaire de contact.","og_url":"https:\/\/raphaellemeyer.fr\/index.php\/contact-rdv\/","og_site_name":"Rapha\u00eblle Meyer","article_publisher":"https:\/\/www.facebook.com\/profile.php?id=100090734982670","article_modified_time":"2023-09-22T16:17:47+00:00","og_image":[{"url":"https:\/\/raphaellekinesio.files.wordpress.com\/2023\/03\/cabinet.jpg?w=825"}],"twitter_card":"summary_large_image","twitter_misc":{"Est. reading time":"1 minute"},"schema":{"@context":"https:\/\/schema.org","@graph":[{"@type":"WebPage","@id":"https:\/\/raphaellemeyer.fr\/index.php\/contact-rdv\/","url":"https:\/\/raphaellemeyer.fr\/index.php\/contact-rdv\/","name":"Contact \/ RDV - Rapha\u00eblle Meyer","isPartOf":{"@id":"https:\/\/raphaellemeyer.fr\/#website"},"datePublished":"2023-03-04T18:03:46+00:00","dateModified":"2023-09-22T16:17:47+00:00","description":"Pour prendre rendez-vous ou me poser une question, contactez-moi par SMS, t\u00e9l\u00e9phone ou WhatsApp, envoyez-moi un email ou laissez-moi un message via le formulaire de contact.","breadcrumb":{"@id":"https:\/\/raphaellemeyer.fr\/index.php\/contact-rdv\/#breadcrumb"},"inLanguage":"en-US","potentialAction":[{"@type":"ReadAction","target":["https:\/\/raphaellemeyer.fr\/index.php\/contact-rdv\/"]}]},{"@type":"BreadcrumbList","@id":"https:\/\/raphaellemeyer.fr\/index.php\/contact-rdv\/#breadcrumb","itemListElement":[{"@type":"ListItem","position":1,"name":"Accueil","item":"https:\/\/raphaellemeyer.fr\/"},{"@type":"ListItem","position":2,"name":"Contact \/ RDV"}]},{"@type":"WebSite","@id":"https:\/\/raphaellemeyer.fr\/#website","url":"https:\/\/raphaellemeyer.fr\/","name":"Rapha\u00eblle Meyer - Kin\u00e9siologie - Bernin","description":"Kin\u00e9siologie","publisher":{"@id":"https:\/\/raphaellemeyer.fr\/#\/schema\/person\/4b0c81b81942108829849c105e4c7cb6"},"potentialAction":[{"@type":"SearchAction","target":{"@type":"EntryPoint","urlTemplate":"https:\/\/raphaellemeyer.fr\/?s={search_term_string}"},"query-input":"required name=search_term_string"}],"inLanguage":"en-US"},{"@type":["Person","Organization"],"@id":"https:\/\/raphaellemeyer.fr\/#\/schema\/person\/4b0c81b81942108829849c105e4c7cb6","name":"Raphaelle","image":{"@type":"ImageObject","inLanguage":"en-US","@id":"https:\/\/raphaellemeyer.fr\/#\/schema\/person\/image\/","url":"https:\/\/raphaellemeyer.fr\/wp-content\/uploads\/2023\/03\/logo.png","contentUrl":"https:\/\/raphaellemeyer.fr\/wp-content\/uploads\/2023\/03\/logo.png","width":100,"height":96,"caption":"Raphaelle"},"logo":{"@id":"https:\/\/raphaellemeyer.fr\/#\/schema\/person\/image\/"},"sameAs":["http:\/\/raphaellemeyer.fr","https:\/\/www.facebook.com\/profile.php?id=100090734982670"]}]}},"_links":{"self":[{"href":"https:\/\/raphaellemeyer.fr\/index.php\/wp-json\/wp\/v2\/pages\/26","targetHints":{"allow":["GET"]}}],"collection":[{"href":"https:\/\/raphaellemeyer.fr\/index.php\/wp-json\/wp\/v2\/pages"}],"about":[{"href":"https:\/\/raphaellemeyer.fr\/index.php\/wp-json\/wp\/v2\/types\/page"}],"author":[{"embeddable":true,"href":"https:\/\/raphaellemeyer.fr\/index.php\/wp-json\/wp\/v2\/users\/1"}],"replies":[{"embeddable":true,"href":"https:\/\/raphaellemeyer.fr\/index.php\/wp-json\/wp\/v2\/comments?post=26"}],"version-history":[{"count":25,"href":"https:\/\/raphaellemeyer.fr\/index.php\/wp-json\/wp\/v2\/pages\/26\/revisions"}],"predecessor-version":[{"id":473,"href":"https:\/\/raphaellemeyer.fr\/index.php\/wp-json\/wp\/v2\/pages\/26\/revisions\/473"}],"wp:attachment":[{"href":"https:\/\/raphaellemeyer.fr\/index.php\/wp-json\/wp\/v2\/media?parent=26"}],"curies":[{"name":"wp","href":"https:\/\/api.w.org\/{rel}","templated":true}]}}