{"id":479,"date":"2023-12-16T19:09:15","date_gmt":"2023-12-16T18:09:15","guid":{"rendered":"http:\/\/raphaellemeyer.fr\/?page_id=479"},"modified":"2024-04-12T19:50:28","modified_gmt":"2024-04-12T17:50:28","slug":"recommandations","status":"publish","type":"page","link":"https:\/\/raphaellemeyer.fr\/index.php\/recommandations\/","title":{"rendered":"Recommandations"},"content":{"rendered":"\n<ul class=\"wp-block-list\">\n<li><a href=\"https:\/\/sites.google.com\/view\/marie-ruer-kinesiologie\/accueil\">Marie Ruer<\/a>, kin\u00e9siologue \u00e0 St Ismier<\/li>\n\n\n\n<li><a href=\"https:\/\/www.happylysm.com\">Amandine Aubry<\/a>, kin\u00e9siologue \u00e0 Meylan<\/li>\n\n\n\n<li><a href=\"https:\/\/audeladesreflexes.com\">Fr\u00e9d\u00e9rique Miribel<\/a>, praticienne en int\u00e9gration des r\u00e9flexes archa\u00efques \u00e0 Saint Martin d&#8217;H\u00e8res<\/li>\n<\/ul>\n","protected":false},"excerpt":{"rendered":"","protected":false},"author":1,"featured_media":0,"parent":0,"menu_order":0,"comment_status":"closed","ping_status":"closed","template":"","meta":{"footnotes":""},"class_list":["post-479","page","type-page","status-publish","hentry"],"yoast_head":"<!-- This site is optimized with the Yoast SEO plugin v20.4 - https:\/\/yoast.com\/wordpress\/plugins\/seo\/ -->\n<title>Recommandations - Rapha\u00eblle Meyer<\/title>\n<meta name=\"robots\" content=\"index, follow, max-snippet:-1, max-image-preview:large, max-video-preview:-1\" \/>\n<link rel=\"canonical\" href=\"http:\/\/raphaellemeyer.fr\/index.php\/recommandations\/\" \/>\n<meta property=\"og:locale\" content=\"en_US\" \/>\n<meta property=\"og:type\" content=\"article\" \/>\n<meta property=\"og:title\" content=\"Recommandations - Rapha\u00eblle Meyer\" \/>\n<meta property=\"og:url\" content=\"http:\/\/raphaellemeyer.fr\/index.php\/recommandations\/\" \/>\n<meta property=\"og:site_name\" content=\"Rapha\u00eblle Meyer\" \/>\n<meta property=\"article:publisher\" content=\"https:\/\/www.facebook.com\/profile.php?id=100090734982670\" \/>\n<meta property=\"article:modified_time\" content=\"2024-04-12T17:50:28+00:00\" \/>\n<meta property=\"og:image\" content=\"https:\/\/raphaellemeyer.fr\/wp-content\/uploads\/2023\/03\/icone.png\" \/>\n\t<meta property=\"og:image:width\" content=\"550\" \/>\n\t<meta property=\"og:image:height\" content=\"550\" \/>\n\t<meta property=\"og:image:type\" content=\"image\/png\" \/>\n<meta name=\"twitter:card\" content=\"summary_large_image\" \/>\n<meta name=\"twitter:label1\" content=\"Est. reading time\" \/>\n\t<meta name=\"twitter:data1\" content=\"1 minute\" \/>\n<script type=\"application\/ld+json\" class=\"yoast-schema-graph\">{\"@context\":\"https:\/\/schema.org\",\"@graph\":[{\"@type\":\"WebPage\",\"@id\":\"http:\/\/raphaellemeyer.fr\/index.php\/recommandations\/\",\"url\":\"http:\/\/raphaellemeyer.fr\/index.php\/recommandations\/\",\"name\":\"Recommandations - Rapha\u00eblle Meyer\",\"isPartOf\":{\"@id\":\"https:\/\/raphaellemeyer.fr\/#website\"},\"datePublished\":\"2023-12-16T18:09:15+00:00\",\"dateModified\":\"2024-04-12T17:50:28+00:00\",\"breadcrumb\":{\"@id\":\"http:\/\/raphaellemeyer.fr\/index.php\/recommandations\/#breadcrumb\"},\"inLanguage\":\"en-US\",\"potentialAction\":[{\"@type\":\"ReadAction\",\"target\":[\"http:\/\/raphaellemeyer.fr\/index.php\/recommandations\/\"]}]},{\"@type\":\"BreadcrumbList\",\"@id\":\"http:\/\/raphaellemeyer.fr\/index.php\/recommandations\/#breadcrumb\",\"itemListElement\":[{\"@type\":\"ListItem\",\"position\":1,\"name\":\"Accueil\",\"item\":\"https:\/\/raphaellemeyer.fr\/\"},{\"@type\":\"ListItem\",\"position\":2,\"name\":\"Recommandations\"}]},{\"@type\":\"WebSite\",\"@id\":\"https:\/\/raphaellemeyer.fr\/#website\",\"url\":\"https:\/\/raphaellemeyer.fr\/\",\"name\":\"Rapha\u00eblle Meyer - Kin\u00e9siologie - Bernin\",\"description\":\"Kin\u00e9siologie\",\"publisher\":{\"@id\":\"https:\/\/raphaellemeyer.fr\/#\/schema\/person\/4b0c81b81942108829849c105e4c7cb6\"},\"potentialAction\":[{\"@type\":\"SearchAction\",\"target\":{\"@type\":\"EntryPoint\",\"urlTemplate\":\"https:\/\/raphaellemeyer.fr\/?s={search_term_string}\"},\"query-input\":\"required name=search_term_string\"}],\"inLanguage\":\"en-US\"},{\"@type\":[\"Person\",\"Organization\"],\"@id\":\"https:\/\/raphaellemeyer.fr\/#\/schema\/person\/4b0c81b81942108829849c105e4c7cb6\",\"name\":\"Raphaelle\",\"image\":{\"@type\":\"ImageObject\",\"inLanguage\":\"en-US\",\"@id\":\"https:\/\/raphaellemeyer.fr\/#\/schema\/person\/image\/\",\"url\":\"https:\/\/raphaellemeyer.fr\/wp-content\/uploads\/2023\/03\/logo.png\",\"contentUrl\":\"https:\/\/raphaellemeyer.fr\/wp-content\/uploads\/2023\/03\/logo.png\",\"width\":100,\"height\":96,\"caption\":\"Raphaelle\"},\"logo\":{\"@id\":\"https:\/\/raphaellemeyer.fr\/#\/schema\/person\/image\/\"},\"sameAs\":[\"http:\/\/raphaellemeyer.fr\",\"https:\/\/www.facebook.com\/profile.php?id=100090734982670\"]}]}<\/script>\n<!-- \/ Yoast SEO plugin. -->","yoast_head_json":{"title":"Recommandations - Rapha\u00eblle Meyer","robots":{"index":"index","follow":"follow","max-snippet":"max-snippet:-1","max-image-preview":"max-image-preview:large","max-video-preview":"max-video-preview:-1"},"canonical":"http:\/\/raphaellemeyer.fr\/index.php\/recommandations\/","og_locale":"en_US","og_type":"article","og_title":"Recommandations - Rapha\u00eblle Meyer","og_url":"http:\/\/raphaellemeyer.fr\/index.php\/recommandations\/","og_site_name":"Rapha\u00eblle Meyer","article_publisher":"https:\/\/www.facebook.com\/profile.php?id=100090734982670","article_modified_time":"2024-04-12T17:50:28+00:00","og_image":[{"width":550,"height":550,"url":"https:\/\/raphaellemeyer.fr\/wp-content\/uploads\/2023\/03\/icone.png","type":"image\/png"}],"twitter_card":"summary_large_image","twitter_misc":{"Est. reading time":"1 minute"},"schema":{"@context":"https:\/\/schema.org","@graph":[{"@type":"WebPage","@id":"http:\/\/raphaellemeyer.fr\/index.php\/recommandations\/","url":"http:\/\/raphaellemeyer.fr\/index.php\/recommandations\/","name":"Recommandations - Rapha\u00eblle Meyer","isPartOf":{"@id":"https:\/\/raphaellemeyer.fr\/#website"},"datePublished":"2023-12-16T18:09:15+00:00","dateModified":"2024-04-12T17:50:28+00:00","breadcrumb":{"@id":"http:\/\/raphaellemeyer.fr\/index.php\/recommandations\/#breadcrumb"},"inLanguage":"en-US","potentialAction":[{"@type":"ReadAction","target":["http:\/\/raphaellemeyer.fr\/index.php\/recommandations\/"]}]},{"@type":"BreadcrumbList","@id":"http:\/\/raphaellemeyer.fr\/index.php\/recommandations\/#breadcrumb","itemListElement":[{"@type":"ListItem","position":1,"name":"Accueil","item":"https:\/\/raphaellemeyer.fr\/"},{"@type":"ListItem","position":2,"name":"Recommandations"}]},{"@type":"WebSite","@id":"https:\/\/raphaellemeyer.fr\/#website","url":"https:\/\/raphaellemeyer.fr\/","name":"Rapha\u00eblle Meyer - Kin\u00e9siologie - Bernin","description":"Kin\u00e9siologie","publisher":{"@id":"https:\/\/raphaellemeyer.fr\/#\/schema\/person\/4b0c81b81942108829849c105e4c7cb6"},"potentialAction":[{"@type":"SearchAction","target":{"@type":"EntryPoint","urlTemplate":"https:\/\/raphaellemeyer.fr\/?s={search_term_string}"},"query-input":"required name=search_term_string"}],"inLanguage":"en-US"},{"@type":["Person","Organization"],"@id":"https:\/\/raphaellemeyer.fr\/#\/schema\/person\/4b0c81b81942108829849c105e4c7cb6","name":"Raphaelle","image":{"@type":"ImageObject","inLanguage":"en-US","@id":"https:\/\/raphaellemeyer.fr\/#\/schema\/person\/image\/","url":"https:\/\/raphaellemeyer.fr\/wp-content\/uploads\/2023\/03\/logo.png","contentUrl":"https:\/\/raphaellemeyer.fr\/wp-content\/uploads\/2023\/03\/logo.png","width":100,"height":96,"caption":"Raphaelle"},"logo":{"@id":"https:\/\/raphaellemeyer.fr\/#\/schema\/person\/image\/"},"sameAs":["http:\/\/raphaellemeyer.fr","https:\/\/www.facebook.com\/profile.php?id=100090734982670"]}]}},"_links":{"self":[{"href":"https:\/\/raphaellemeyer.fr\/index.php\/wp-json\/wp\/v2\/pages\/479","targetHints":{"allow":["GET"]}}],"collection":[{"href":"https:\/\/raphaellemeyer.fr\/index.php\/wp-json\/wp\/v2\/pages"}],"about":[{"href":"https:\/\/raphaellemeyer.fr\/index.php\/wp-json\/wp\/v2\/types\/page"}],"author":[{"embeddable":true,"href":"https:\/\/raphaellemeyer.fr\/index.php\/wp-json\/wp\/v2\/users\/1"}],"replies":[{"embeddable":true,"href":"https:\/\/raphaellemeyer.fr\/index.php\/wp-json\/wp\/v2\/comments?post=479"}],"version-history":[{"count":6,"href":"https:\/\/raphaellemeyer.fr\/index.php\/wp-json\/wp\/v2\/pages\/479\/revisions"}],"predecessor-version":[{"id":517,"href":"https:\/\/raphaellemeyer.fr\/index.php\/wp-json\/wp\/v2\/pages\/479\/revisions\/517"}],"wp:attachment":[{"href":"https:\/\/raphaellemeyer.fr\/index.php\/wp-json\/wp\/v2\/media?parent=479"}],"curies":[{"name":"wp","href":"https:\/\/api.w.org\/{rel}","templated":true}]}}